{"id":83,"date":"2026-02-08T10:05:40","date_gmt":"2026-02-08T09:05:40","guid":{"rendered":"https:\/\/serwer2497875.home.pl\/autoinstalator\/wordpressplugins8\/?page_id=83"},"modified":"2026-02-08T16:56:59","modified_gmt":"2026-02-08T15:56:59","slug":"projekty","status":"publish","type":"page","link":"https:\/\/bpseparator.com.pl\/index.php\/projekty\/","title":{"rendered":"PROJEKTY"},"content":{"rendered":"\t\t<div data-elementor-type=\"wp-page\" data-elementor-id=\"83\" class=\"elementor elementor-83\">\n\t\t\t\t<div class=\"elementor-element elementor-element-b63e1c5 e-flex e-con-boxed e-con e-parent\" data-id=\"b63e1c5\" data-element_type=\"container\" data-e-type=\"container\">\n\t\t\t\t\t<div class=\"e-con-inner\">\n\t\t\t\t<div class=\"elementor-element elementor-element-481aca9 elementor-widget elementor-widget-heading\" data-id=\"481aca9\" data-element_type=\"widget\" data-e-type=\"widget\" data-widget_type=\"heading.default\">\n\t\t\t\t\t<h3 class=\"elementor-heading-title elementor-size-default\">Przyk\u0142adowe projekty<\/h3>\t\t\t\t<\/div>\n\t\t\t\t\t<\/div>\n\t\t\t\t<\/div>\n\t\t<div class=\"elementor-element elementor-element-a4b9ecb e-flex e-con-boxed e-con e-parent\" data-id=\"a4b9ecb\" data-element_type=\"container\" data-e-type=\"container\">\n\t\t\t\t\t<div class=\"e-con-inner\">\n\t\t<div class=\"elementor-element elementor-element-edd139c e-con-full e-flex e-con e-child\" data-id=\"edd139c\" data-element_type=\"container\" data-e-type=\"container\">\n\t\t\t\t<div class=\"elementor-element elementor-element-cff771f elementor-invisible elementor-widget elementor-widget-image\" data-id=\"cff771f\" data-element_type=\"widget\" data-e-type=\"widget\" data-settings=\"{&quot;_animation&quot;:&quot;fadeInLeft&quot;}\" data-widget_type=\"image.default\">\n\t\t\t\t\t\t\t\t\t\t\t\t<figure class=\"wp-caption\">\n\t\t\t\t\t\t\t\t\t\t<img fetchpriority=\"high\" decoding=\"async\" width=\"460\" height=\"210\" src=\"https:\/\/bpseparator.com.pl\/wp-content\/uploads\/2026\/02\/11.png\" class=\"attachment-large size-large wp-image-303\" alt=\"\" srcset=\"https:\/\/bpseparator.com.pl\/wp-content\/uploads\/2026\/02\/11.png 460w, https:\/\/bpseparator.com.pl\/wp-content\/uploads\/2026\/02\/11-300x137.png 300w\" sizes=\"(max-width: 460px) 100vw, 460px\" \/>\t\t\t\t\t\t\t\t\t\t\t<figcaption class=\"widget-image-caption wp-caption-text\">NWR KARBONIA D\u0119bie\u0144sko<\/figcaption>\n\t\t\t\t\t\t\t\t\t\t<\/figure>\n\t\t\t\t\t\t\t\t\t<\/div>\n\t\t\t\t<div class=\"elementor-element elementor-element-7a91948 elementor-invisible elementor-widget elementor-widget-image\" data-id=\"7a91948\" data-element_type=\"widget\" data-e-type=\"widget\" data-settings=\"{&quot;_animation&quot;:&quot;fadeInLeft&quot;}\" data-widget_type=\"image.default\">\n\t\t\t\t\t\t\t\t\t\t\t\t<figure class=\"wp-caption\">\n\t\t\t\t\t\t\t\t\t\t<img decoding=\"async\" width=\"460\" height=\"210\" src=\"https:\/\/bpseparator.com.pl\/wp-content\/uploads\/2026\/02\/12.png\" class=\"attachment-large size-large wp-image-302\" alt=\"\" srcset=\"https:\/\/bpseparator.com.pl\/wp-content\/uploads\/2026\/02\/12.png 460w, https:\/\/bpseparator.com.pl\/wp-content\/uploads\/2026\/02\/12-300x137.png 300w\" sizes=\"(max-width: 460px) 100vw, 460px\" \/>\t\t\t\t\t\t\t\t\t\t\t<figcaption class=\"widget-image-caption wp-caption-text\">PCC Rail S.A. Jaworzno<\/figcaption>\n\t\t\t\t\t\t\t\t\t\t<\/figure>\n\t\t\t\t\t\t\t\t\t<\/div>\n\t\t\t\t<div class=\"elementor-element elementor-element-33be6df elementor-invisible elementor-widget elementor-widget-image\" data-id=\"33be6df\" data-element_type=\"widget\" data-e-type=\"widget\" data-settings=\"{&quot;_animation&quot;:&quot;fadeInLeft&quot;}\" data-widget_type=\"image.default\">\n\t\t\t\t\t\t\t\t\t\t\t\t<figure class=\"wp-caption\">\n\t\t\t\t\t\t\t\t\t\t<img decoding=\"async\" width=\"460\" height=\"210\" src=\"https:\/\/bpseparator.com.pl\/wp-content\/uploads\/2026\/02\/14.png\" class=\"attachment-large size-large wp-image-300\" alt=\"\" srcset=\"https:\/\/bpseparator.com.pl\/wp-content\/uploads\/2026\/02\/14.png 460w, https:\/\/bpseparator.com.pl\/wp-content\/uploads\/2026\/02\/14-300x137.png 300w\" sizes=\"(max-width: 460px) 100vw, 460px\" \/>\t\t\t\t\t\t\t\t\t\t\t<figcaption class=\"widget-image-caption wp-caption-text\">PGE G\u00f3rnictwo i Energetyka Konwencjonalna S.A Oddzia\u0142 KWB Be\u0142chat\u00f3w<\/figcaption>\n\t\t\t\t\t\t\t\t\t\t<\/figure>\n\t\t\t\t\t\t\t\t\t<\/div>\n\t\t\t\t<\/div>\n\t\t<div class=\"elementor-element elementor-element-8f89bd7 e-con-full e-flex e-con e-child\" data-id=\"8f89bd7\" data-element_type=\"container\" data-e-type=\"container\">\n\t\t\t\t<div class=\"elementor-element elementor-element-6f10b34 elementor-invisible elementor-widget elementor-widget-image\" data-id=\"6f10b34\" data-element_type=\"widget\" data-e-type=\"widget\" data-settings=\"{&quot;_animation&quot;:&quot;fadeInRight&quot;}\" data-widget_type=\"image.default\">\n\t\t\t\t\t\t\t\t\t\t\t\t<figure class=\"wp-caption\">\n\t\t\t\t\t\t\t\t\t\t\t<a href=\"http:\/\/Lubelski%20Wegel%20\u201eBOGDANKA\u201d\">\n\t\t\t\t\t\t\t<img loading=\"lazy\" decoding=\"async\" width=\"460\" height=\"210\" src=\"https:\/\/bpseparator.com.pl\/wp-content\/uploads\/2026\/02\/13.png\" class=\"attachment-large size-large wp-image-301\" alt=\"\" srcset=\"https:\/\/bpseparator.com.pl\/wp-content\/uploads\/2026\/02\/13.png 460w, https:\/\/bpseparator.com.pl\/wp-content\/uploads\/2026\/02\/13-300x137.png 300w\" sizes=\"(max-width: 460px) 100vw, 460px\" \/>\t\t\t\t\t\t\t\t<\/a>\n\t\t\t\t\t\t\t\t\t\t\t<figcaption class=\"widget-image-caption wp-caption-text\">Lubelski Wegel \u201eBOGDANKA\u201d<\/figcaption>\n\t\t\t\t\t\t\t\t\t\t<\/figure>\n\t\t\t\t\t\t\t\t\t<\/div>\n\t\t\t\t<div class=\"elementor-element elementor-element-16e6628 elementor-invisible elementor-widget elementor-widget-image\" data-id=\"16e6628\" data-element_type=\"widget\" data-e-type=\"widget\" data-settings=\"{&quot;_animation&quot;:&quot;fadeInRight&quot;}\" data-widget_type=\"image.default\">\n\t\t\t\t\t\t\t\t\t\t\t\t<figure class=\"wp-caption\">\n\t\t\t\t\t\t\t\t\t\t\t<a href=\"http:\/\/Lubelski%20Wegel%20\u201eBOGDANKA\u201d\">\n\t\t\t\t\t\t\t<img loading=\"lazy\" decoding=\"async\" width=\"460\" height=\"210\" src=\"https:\/\/bpseparator.com.pl\/wp-content\/uploads\/2026\/02\/15.png\" class=\"attachment-large size-large wp-image-299\" alt=\"\" srcset=\"https:\/\/bpseparator.com.pl\/wp-content\/uploads\/2026\/02\/15.png 460w, https:\/\/bpseparator.com.pl\/wp-content\/uploads\/2026\/02\/15-300x137.png 300w\" sizes=\"(max-width: 460px) 100vw, 460px\" \/>\t\t\t\t\t\t\t\t<\/a>\n\t\t\t\t\t\t\t\t\t\t\t<figcaption class=\"widget-image-caption wp-caption-text\">Wa\u0142brzyskie Zak\u0142ady Koksownicze VICTORIA S.A.<\/figcaption>\n\t\t\t\t\t\t\t\t\t\t<\/figure>\n\t\t\t\t\t\t\t\t\t<\/div>\n\t\t\t\t<div class=\"elementor-element elementor-element-e76b483 elementor-invisible elementor-widget elementor-widget-image\" data-id=\"e76b483\" data-element_type=\"widget\" data-e-type=\"widget\" data-settings=\"{&quot;_animation&quot;:&quot;fadeInRight&quot;}\" data-widget_type=\"image.default\">\n\t\t\t\t\t\t\t\t\t\t\t\t<figure class=\"wp-caption\">\n\t\t\t\t\t\t\t\t\t\t\t<a href=\"http:\/\/Lubelski%20Wegel%20\u201eBOGDANKA\u201d\">\n\t\t\t\t\t\t\t<img loading=\"lazy\" decoding=\"async\" width=\"460\" height=\"210\" src=\"https:\/\/bpseparator.com.pl\/wp-content\/uploads\/2026\/02\/17.png\" class=\"attachment-large size-large wp-image-297\" alt=\"\" srcset=\"https:\/\/bpseparator.com.pl\/wp-content\/uploads\/2026\/02\/17.png 460w, https:\/\/bpseparator.com.pl\/wp-content\/uploads\/2026\/02\/17-300x137.png 300w\" sizes=\"(max-width: 460px) 100vw, 460px\" \/>\t\t\t\t\t\t\t\t<\/a>\n\t\t\t\t\t\t\t\t\t\t\t<figcaption class=\"widget-image-caption wp-caption-text\">Mo-BRUK S.A. Wa\u0142brzych<\/figcaption>\n\t\t\t\t\t\t\t\t\t\t<\/figure>\n\t\t\t\t\t\t\t\t\t<\/div>\n\t\t\t\t<\/div>\n\t\t<div class=\"elementor-element elementor-element-b9fa649 e-con-full e-flex e-con e-child\" data-id=\"b9fa649\" data-element_type=\"container\" data-e-type=\"container\">\n\t\t\t\t<div class=\"elementor-element elementor-element-7cf625a elementor-invisible elementor-widget elementor-widget-image\" data-id=\"7cf625a\" data-element_type=\"widget\" data-e-type=\"widget\" data-settings=\"{&quot;_animation&quot;:&quot;fadeInLeft&quot;}\" data-widget_type=\"image.default\">\n\t\t\t\t\t\t\t\t\t\t\t\t<figure class=\"wp-caption\">\n\t\t\t\t\t\t\t\t\t\t<img loading=\"lazy\" decoding=\"async\" width=\"460\" height=\"210\" src=\"https:\/\/bpseparator.com.pl\/wp-content\/uploads\/2026\/02\/16.png\" class=\"attachment-large size-large wp-image-298\" alt=\"\" srcset=\"https:\/\/bpseparator.com.pl\/wp-content\/uploads\/2026\/02\/16.png 460w, https:\/\/bpseparator.com.pl\/wp-content\/uploads\/2026\/02\/16-300x137.png 300w\" sizes=\"(max-width: 460px) 100vw, 460px\" \/>\t\t\t\t\t\t\t\t\t\t\t<figcaption class=\"widget-image-caption wp-caption-text\">Zak\u0142ad G\u00f3rniczo-Energetyczny Sobieski Jaworzno III<\/figcaption>\n\t\t\t\t\t\t\t\t\t\t<\/figure>\n\t\t\t\t\t\t\t\t\t<\/div>\n\t\t\t\t<\/div>\n\t\t<div class=\"elementor-element elementor-element-eb9007e e-con-full e-flex e-con e-child\" data-id=\"eb9007e\" data-element_type=\"container\" data-e-type=\"container\">\n\t\t\t\t<\/div>\n\t\t\t\t\t<\/div>\n\t\t\t\t<\/div>\n\t\t\t\t<\/div>\n\t\t\n    <div class=\"xs_social_share_widget xs_share_url after_content \t\tmain_content  wslu-style-1 wslu-share-box-shaped wslu-fill-colored wslu-none wslu-share-horizontal wslu-theme-font-no wslu-main_content\">\n\n\t\t\n        <ul>\n\t\t\t        <\/ul>\n    <\/div> \n","protected":false},"excerpt":{"rendered":"<p>Przyk\u0142adowe projekty NWR KARBONIA D\u0119bie\u0144sko PCC Rail S.A. Jaworzno PGE G\u00f3rnictwo i Energetyka Konwencjonalna S.A Oddzia\u0142 KWB Be\u0142chat\u00f3w Lubelski Wegel [&hellip;]<\/p>\n","protected":false},"author":2,"featured_media":0,"parent":0,"menu_order":0,"comment_status":"closed","ping_status":"closed","template":"","meta":{"postBodyCss":"","postBodyMargin":[],"postBodyPadding":[],"postBodyBackground":{"backgroundType":"classic","gradient":""},"site-sidebar-layout":"no-sidebar","site-content-layout":"","ast-site-content-layout":"full-width-container","site-content-style":"default","site-sidebar-style":"default","ast-global-header-display":"","ast-banner-title-visibility":"","ast-main-header-display":"","ast-hfb-above-header-display":"","ast-hfb-below-header-display":"","ast-hfb-mobile-header-display":"","site-post-title":"disabled","ast-breadcrumbs-content":"","ast-featured-img":"disabled","footer-sml-layout":"","ast-disable-related-posts":"","theme-transparent-header-meta":"","adv-header-id-meta":"","stick-header-meta":"","header-above-stick-meta":"","header-main-stick-meta":"","header-below-stick-meta":"","astra-migrate-meta-layouts":"default","ast-page-background-enabled":"default","ast-page-background-meta":{"desktop":{"background-color":"var(--ast-global-color-5)","background-image":"","background-repeat":"repeat","background-position":"center center","background-size":"auto","background-attachment":"scroll","background-type":"","background-media":"","overlay-type":"","overlay-color":"","overlay-opacity":"","overlay-gradient":""},"tablet":{"background-color":"","background-image":"","background-repeat":"repeat","background-position":"center center","background-size":"auto","background-attachment":"scroll","background-type":"","background-media":"","overlay-type":"","overlay-color":"","overlay-opacity":"","overlay-gradient":""},"mobile":{"background-color":"","background-image":"","background-repeat":"repeat","background-position":"center center","background-size":"auto","background-attachment":"scroll","background-type":"","background-media":"","overlay-type":"","overlay-color":"","overlay-opacity":"","overlay-gradient":""}},"ast-content-background-meta":{"desktop":{"background-color":"var(--ast-global-color-4)","background-image":"","background-repeat":"repeat","background-position":"center center","background-size":"auto","background-attachment":"scroll","background-type":"","background-media":"","overlay-type":"","overlay-color":"","overlay-opacity":"","overlay-gradient":""},"tablet":{"background-color":"var(--ast-global-color-4)","background-image":"","background-repeat":"repeat","background-position":"center center","background-size":"auto","background-attachment":"scroll","background-type":"","background-media":"","overlay-type":"","overlay-color":"","overlay-opacity":"","overlay-gradient":""},"mobile":{"background-color":"var(--ast-global-color-4)","background-image":"","background-repeat":"repeat","background-position":"center center","background-size":"auto","background-attachment":"scroll","background-type":"","background-media":"","overlay-type":"","overlay-color":"","overlay-opacity":"","overlay-gradient":""}},"footnotes":""},"class_list":["post-83","page","type-page","status-publish","hentry"],"yoast_head":"<!-- This site is optimized with the Yoast SEO plugin v26.9 - https:\/\/yoast.com\/product\/yoast-seo-wordpress\/ -->\n<title>PROJEKTY - BPSEPARATOR SP. Z O.O.<\/title>\n<meta name=\"robots\" content=\"index, follow, max-snippet:-1, max-image-preview:large, max-video-preview:-1\" \/>\n<link rel=\"canonical\" href=\"https:\/\/bpseparator.com.pl\/index.php\/projekty\/\" \/>\n<meta property=\"og:locale\" content=\"pl_PL\" \/>\n<meta property=\"og:type\" content=\"article\" \/>\n<meta property=\"og:title\" content=\"PROJEKTY - BPSEPARATOR SP. Z O.O.\" \/>\n<meta property=\"og:description\" content=\"Przyk\u0142adowe projekty NWR KARBONIA D\u0119bie\u0144sko PCC Rail S.A. Jaworzno PGE G\u00f3rnictwo i Energetyka Konwencjonalna S.A Oddzia\u0142 KWB Be\u0142chat\u00f3w Lubelski Wegel [&hellip;]\" \/>\n<meta property=\"og:url\" content=\"https:\/\/bpseparator.com.pl\/index.php\/projekty\/\" \/>\n<meta property=\"og:site_name\" content=\"BPSEPARATOR SP. Z O.O.\" \/>\n<meta property=\"article:modified_time\" content=\"2026-02-08T15:56:59+00:00\" \/>\n<meta property=\"og:image\" content=\"http:\/\/bpseparator.com.pl\/wp-content\/uploads\/2026\/02\/11.png\" \/>\n<meta name=\"twitter:card\" content=\"summary_large_image\" \/>\n<meta name=\"twitter:label1\" content=\"Szacowany czas czytania\" \/>\n\t<meta name=\"twitter:data1\" content=\"2 minuty\" \/>\n<script type=\"application\/ld+json\" class=\"yoast-schema-graph\">{\"@context\":\"https:\/\/schema.org\",\"@graph\":[{\"@type\":\"WebPage\",\"@id\":\"https:\/\/bpseparator.com.pl\/index.php\/projekty\/\",\"url\":\"https:\/\/bpseparator.com.pl\/index.php\/projekty\/\",\"name\":\"PROJEKTY - BPSEPARATOR SP. Z O.O.\",\"isPartOf\":{\"@id\":\"https:\/\/bpseparator.com.pl\/#website\"},\"primaryImageOfPage\":{\"@id\":\"https:\/\/bpseparator.com.pl\/index.php\/projekty\/#primaryimage\"},\"image\":{\"@id\":\"https:\/\/bpseparator.com.pl\/index.php\/projekty\/#primaryimage\"},\"thumbnailUrl\":\"http:\/\/bpseparator.com.pl\/wp-content\/uploads\/2026\/02\/11.png\",\"datePublished\":\"2026-02-08T09:05:40+00:00\",\"dateModified\":\"2026-02-08T15:56:59+00:00\",\"breadcrumb\":{\"@id\":\"https:\/\/bpseparator.com.pl\/index.php\/projekty\/#breadcrumb\"},\"inLanguage\":\"pl-PL\",\"potentialAction\":[{\"@type\":\"ReadAction\",\"target\":[\"https:\/\/bpseparator.com.pl\/index.php\/projekty\/\"]}]},{\"@type\":\"ImageObject\",\"inLanguage\":\"pl-PL\",\"@id\":\"https:\/\/bpseparator.com.pl\/index.php\/projekty\/#primaryimage\",\"url\":\"https:\/\/bpseparator.com.pl\/wp-content\/uploads\/2026\/02\/11.png\",\"contentUrl\":\"https:\/\/bpseparator.com.pl\/wp-content\/uploads\/2026\/02\/11.png\",\"width\":460,\"height\":210},{\"@type\":\"BreadcrumbList\",\"@id\":\"https:\/\/bpseparator.com.pl\/index.php\/projekty\/#breadcrumb\",\"itemListElement\":[{\"@type\":\"ListItem\",\"position\":1,\"name\":\"Home\",\"item\":\"https:\/\/bpseparator.com.pl\/\"},{\"@type\":\"ListItem\",\"position\":2,\"name\":\"PROJEKTY\"}]},{\"@type\":\"WebSite\",\"@id\":\"https:\/\/bpseparator.com.pl\/#website\",\"url\":\"https:\/\/bpseparator.com.pl\/\",\"name\":\"BPSEPARATOR SP. Z O.O.\",\"description\":\"\",\"potentialAction\":[{\"@type\":\"SearchAction\",\"target\":{\"@type\":\"EntryPoint\",\"urlTemplate\":\"https:\/\/bpseparator.com.pl\/?s={search_term_string}\"},\"query-input\":{\"@type\":\"PropertyValueSpecification\",\"valueRequired\":true,\"valueName\":\"search_term_string\"}}],\"inLanguage\":\"pl-PL\"}]}<\/script>\n<!-- \/ Yoast SEO plugin. -->","yoast_head_json":{"title":"PROJEKTY - BPSEPARATOR SP. Z O.O.","robots":{"index":"index","follow":"follow","max-snippet":"max-snippet:-1","max-image-preview":"max-image-preview:large","max-video-preview":"max-video-preview:-1"},"canonical":"https:\/\/bpseparator.com.pl\/index.php\/projekty\/","og_locale":"pl_PL","og_type":"article","og_title":"PROJEKTY - BPSEPARATOR SP. Z O.O.","og_description":"Przyk\u0142adowe projekty NWR KARBONIA D\u0119bie\u0144sko PCC Rail S.A. Jaworzno PGE G\u00f3rnictwo i Energetyka Konwencjonalna S.A Oddzia\u0142 KWB Be\u0142chat\u00f3w Lubelski Wegel [&hellip;]","og_url":"https:\/\/bpseparator.com.pl\/index.php\/projekty\/","og_site_name":"BPSEPARATOR SP. Z O.O.","article_modified_time":"2026-02-08T15:56:59+00:00","og_image":[{"url":"http:\/\/bpseparator.com.pl\/wp-content\/uploads\/2026\/02\/11.png","type":"","width":"","height":""}],"twitter_card":"summary_large_image","twitter_misc":{"Szacowany czas czytania":"2 minuty"},"schema":{"@context":"https:\/\/schema.org","@graph":[{"@type":"WebPage","@id":"https:\/\/bpseparator.com.pl\/index.php\/projekty\/","url":"https:\/\/bpseparator.com.pl\/index.php\/projekty\/","name":"PROJEKTY - BPSEPARATOR SP. Z O.O.","isPartOf":{"@id":"https:\/\/bpseparator.com.pl\/#website"},"primaryImageOfPage":{"@id":"https:\/\/bpseparator.com.pl\/index.php\/projekty\/#primaryimage"},"image":{"@id":"https:\/\/bpseparator.com.pl\/index.php\/projekty\/#primaryimage"},"thumbnailUrl":"http:\/\/bpseparator.com.pl\/wp-content\/uploads\/2026\/02\/11.png","datePublished":"2026-02-08T09:05:40+00:00","dateModified":"2026-02-08T15:56:59+00:00","breadcrumb":{"@id":"https:\/\/bpseparator.com.pl\/index.php\/projekty\/#breadcrumb"},"inLanguage":"pl-PL","potentialAction":[{"@type":"ReadAction","target":["https:\/\/bpseparator.com.pl\/index.php\/projekty\/"]}]},{"@type":"ImageObject","inLanguage":"pl-PL","@id":"https:\/\/bpseparator.com.pl\/index.php\/projekty\/#primaryimage","url":"https:\/\/bpseparator.com.pl\/wp-content\/uploads\/2026\/02\/11.png","contentUrl":"https:\/\/bpseparator.com.pl\/wp-content\/uploads\/2026\/02\/11.png","width":460,"height":210},{"@type":"BreadcrumbList","@id":"https:\/\/bpseparator.com.pl\/index.php\/projekty\/#breadcrumb","itemListElement":[{"@type":"ListItem","position":1,"name":"Home","item":"https:\/\/bpseparator.com.pl\/"},{"@type":"ListItem","position":2,"name":"PROJEKTY"}]},{"@type":"WebSite","@id":"https:\/\/bpseparator.com.pl\/#website","url":"https:\/\/bpseparator.com.pl\/","name":"BPSEPARATOR SP. Z O.O.","description":"","potentialAction":[{"@type":"SearchAction","target":{"@type":"EntryPoint","urlTemplate":"https:\/\/bpseparator.com.pl\/?s={search_term_string}"},"query-input":{"@type":"PropertyValueSpecification","valueRequired":true,"valueName":"search_term_string"}}],"inLanguage":"pl-PL"}]}},"_links":{"self":[{"href":"https:\/\/bpseparator.com.pl\/index.php\/wp-json\/wp\/v2\/pages\/83","targetHints":{"allow":["GET"]}}],"collection":[{"href":"https:\/\/bpseparator.com.pl\/index.php\/wp-json\/wp\/v2\/pages"}],"about":[{"href":"https:\/\/bpseparator.com.pl\/index.php\/wp-json\/wp\/v2\/types\/page"}],"author":[{"embeddable":true,"href":"https:\/\/bpseparator.com.pl\/index.php\/wp-json\/wp\/v2\/users\/2"}],"replies":[{"embeddable":true,"href":"https:\/\/bpseparator.com.pl\/index.php\/wp-json\/wp\/v2\/comments?post=83"}],"version-history":[{"count":23,"href":"https:\/\/bpseparator.com.pl\/index.php\/wp-json\/wp\/v2\/pages\/83\/revisions"}],"predecessor-version":[{"id":839,"href":"https:\/\/bpseparator.com.pl\/index.php\/wp-json\/wp\/v2\/pages\/83\/revisions\/839"}],"wp:attachment":[{"href":"https:\/\/bpseparator.com.pl\/index.php\/wp-json\/wp\/v2\/media?parent=83"}],"curies":[{"name":"wp","href":"https:\/\/api.w.org\/{rel}","templated":true}]}}