{"id":87,"date":"2026-02-08T10:06:12","date_gmt":"2026-02-08T09:06:12","guid":{"rendered":"https:\/\/serwer2497875.home.pl\/autoinstalator\/wordpressplugins8\/?page_id=87"},"modified":"2026-02-09T06:37:39","modified_gmt":"2026-02-09T05:37:39","slug":"referencje","status":"publish","type":"page","link":"https:\/\/bpseparator.com.pl\/index.php\/referencje\/","title":{"rendered":"REFERENCJE"},"content":{"rendered":"\t\t<div data-elementor-type=\"wp-page\" data-elementor-id=\"87\" class=\"elementor elementor-87\">\n\t\t\t\t<div class=\"elementor-element elementor-element-34c0567 e-flex e-con-boxed e-con e-parent\" data-id=\"34c0567\" data-element_type=\"container\" data-e-type=\"container\">\n\t\t\t\t\t<div class=\"e-con-inner\">\n\t\t\t\t<div class=\"elementor-element elementor-element-2fe945c elementor-widget elementor-widget-heading\" data-id=\"2fe945c\" data-element_type=\"widget\" data-e-type=\"widget\" data-widget_type=\"heading.default\">\n\t\t\t\t\t<h3 class=\"elementor-heading-title elementor-size-default\">Referencje<\/h3>\t\t\t\t<\/div>\n\t\t\t\t\t<\/div>\n\t\t\t\t<\/div>\n\t\t<div class=\"elementor-element elementor-element-0183cbd e-flex e-con-boxed e-con e-parent\" data-id=\"0183cbd\" data-element_type=\"container\" data-e-type=\"container\">\n\t\t\t\t\t<div class=\"e-con-inner\">\n\t\t\t\t<div class=\"elementor-element elementor-element-a2f35d2 elementor-invisible elementor-widget elementor-widget-text-editor\" data-id=\"a2f35d2\" data-element_type=\"widget\" data-e-type=\"widget\" data-settings=\"{&quot;_animation&quot;:&quot;fadeInRight&quot;}\" data-widget_type=\"text-editor.default\">\n\t\t\t\t\t\t\t\t\t<p><strong>Kopalnie W\u0119gla<\/strong><br \/><br \/><a href=\"https:\/\/bpseparator.com.pl\/doc\/Referencje_SRS_Part8.pdf\">Lubelski W\u0119giel \u201eBOGDANKA\u201d<\/a><br \/><a href=\"https:\/\/bpseparator.com.pl\/doc\/Referencje_SRS_Part9.pdf\">Lubelski W\u0119giel \u201eBOGDANKA\u201d 2<\/a><br \/><a href=\"https:\/\/bpseparator.com.pl\/doc\/Referencje_SRS_Part1.pdf\">Mostostal<\/a><br \/><a href=\"https:\/\/bpseparator.com.pl\/doc\/Referencje_SRS_Part2.pdf\">NWR KARBONIA<\/a><br \/><a href=\"https:\/\/bpseparator.com.pl\/doc\/Referencje_SRS_Part12.pdf\">Po\u0142udniowy Koncern W\u0119glowy S.A.<\/a><br \/><a href=\"https:\/\/bpseparator.com.pl\/doc\/Referencje_SRS_Part16.pdf\">Po\u0142udniowy Koncern W\u0119glowy S.A. 2<\/a><br \/><a href=\"https:\/\/bpseparator.com.pl\/doc\/Referencje_SRS_Part17.pdf\">Kompania W\u0119glowa S.A.<\/a><br \/><a href=\"https:\/\/bpseparator.com.pl\/doc\/Referencje_SRS_Part19.pdf\">Kompania W\u0119glowa S.A. 2<\/a><br \/><a href=\"https:\/\/bpseparator.com.pl\/doc\/Referencje_SRS_Part20.pdf\">Kompania W\u0119glowa S.A. 3<\/a><br \/><a href=\"https:\/\/bpseparator.com.pl\/doc\/Referencje_SRS_Part22.pdf\">Kompania W\u0119glowa S.A. 4<\/a><br \/><a href=\"https:\/\/bpseparator.com.pl\/doc\/Referencje_SRS_Part24.pdf\">Kompania W\u0119glowa S.A. 5<\/a><br \/><a href=\"https:\/\/bpseparator.com.pl\/doc\/Referencje_SRS_Part27.pdf\">Kopalnia W\u0119gla Kamiennego \u201eBUDRYK\u201d S.A.<\/a><br \/><a href=\"https:\/\/bpseparator.com.pl\/doc\/Referencje_SRS_Part4.pdf\">Grupa TAURON<\/a><\/p>\t\t\t\t\t\t\t\t<\/div>\n\t\t\t\t<div class=\"elementor-element elementor-element-c951cc7 elementor-invisible elementor-widget elementor-widget-text-editor\" data-id=\"c951cc7\" data-element_type=\"widget\" data-e-type=\"widget\" data-settings=\"{&quot;_animation&quot;:&quot;fadeInRight&quot;}\" data-widget_type=\"text-editor.default\">\n\t\t\t\t\t\t\t\t\t<p><strong>Koksownie<\/strong><\/p><p><a href=\"https:\/\/bpseparator.com.pl\/doc\/Referencje_SRS_Part6.pdf\">VICTORIA S.A.<\/a><br \/><a href=\"https:\/\/bpseparator.com.pl\/doc\/Referencje_SRS_Part18.pdf\">Kombinat Koksochemiczny \u201eZABRZE\u201d S.A. <\/a><\/p>\t\t\t\t\t\t\t\t<\/div>\n\t\t\t\t<div class=\"elementor-element elementor-element-d7e84e0 elementor-invisible elementor-widget elementor-widget-text-editor\" data-id=\"d7e84e0\" data-element_type=\"widget\" data-e-type=\"widget\" data-settings=\"{&quot;_animation&quot;:&quot;fadeInRight&quot;}\" data-widget_type=\"text-editor.default\">\n\t\t\t\t\t\t\t\t\t<p><strong>Kruszywa i piaski<\/strong><\/p><p><a href=\"https:\/\/bpseparator.com.pl\/doc\/Referencje_SRS_Part10.pdf\">Dolno\u015bl\u0105skie Surowce Skalne S.A.<\/a><br \/><a href=\"https:\/\/bpseparator.com.pl\/doc\/Referencje_SRS_Part11.pdf\">Dolno\u015bl\u0105skie Surowce Skalne S.A. 2<\/a><br \/><a href=\"https:\/\/bpseparator.com.pl\/doc\/Referencje_SRS_Part13.pdf\">PCC Rail S.A.<\/a><br \/><a href=\"https:\/\/bpseparator.com.pl\/doc\/Referencje_SRS_Part14.pdf\">KKK \u201eWI\u015aNI\u00d3WKA\u201d S.A.<\/a><br \/><a href=\"https:\/\/bpseparator.com.pl\/doc\/Referencje_SRS_Part23.pdf\">KKK \u201eWI\u015aNI\u00d3WKA\u201d S.A. 2<\/a><br \/><a href=\"https:\/\/bpseparator.com.pl\/doc\/Referencje_SRS_Part15.pdf\">GRANIT STRZEGOM S.A.<\/a><\/p>\t\t\t\t\t\t\t\t<\/div>\n\t\t\t\t<div class=\"elementor-element elementor-element-56ebcde elementor-invisible elementor-widget elementor-widget-text-editor\" data-id=\"56ebcde\" data-element_type=\"widget\" data-e-type=\"widget\" data-settings=\"{&quot;_animation&quot;:&quot;fadeInRight&quot;}\" data-widget_type=\"text-editor.default\">\n\t\t\t\t\t\t\t\t\t<p><strong>Energetyka<\/strong><\/p><p><a href=\"https:\/\/bpseparator.com.pl\/doc\/Referencje_SRS_Part3.pdf\">ALSTOM Power Sp. z o.o.<\/a><br \/><a href=\"https:\/\/bpseparator.com.pl\/doc\/Referencje_SRS_Part26.pdf\">Elektrownia \u201eRYBNIK\u201d S.A.<\/a><br \/><a href=\"https:\/\/bpseparator.com.pl\/doc\/Referencje_SRS_Part30.pdf\">Elektrownia \u201eRYBNIK\u201d S.A. 2<\/a><\/p>\t\t\t\t\t\t\t\t<\/div>\n\t\t\t\t<div class=\"elementor-element elementor-element-965635d elementor-invisible elementor-widget elementor-widget-text-editor\" data-id=\"965635d\" data-element_type=\"widget\" data-e-type=\"widget\" data-settings=\"{&quot;_animation&quot;:&quot;fadeInRight&quot;}\" data-widget_type=\"text-editor.default\">\n\t\t\t\t\t\t\t\t\t<p><strong>Inne<\/strong><\/p><p><a href=\"https:\/\/bpseparator.com.pl\/doc\/Referencje_SRS_Part7.pdf\">MO-Bruk S.A.<\/a><br \/><a href=\"https:\/\/bpseparator.com.pl\/doc\/Referencje_SRS_Part25.pdf\">ZOWER Sp. z o.o.<\/a><br \/><a href=\"https:\/\/bpseparator.com.pl\/doc\/Referencje_SRS_Part5.pdf\">KOPEX Group<\/a><br \/><a href=\"https:\/\/bpseparator.com.pl\/doc\/Referencje_SRS_Part21.pdf\">Saint-Gobain ISOVER Polska Sp. z o.o.<\/a><\/p>\t\t\t\t\t\t\t\t<\/div>\n\t\t\t\t\t<\/div>\n\t\t\t\t<\/div>\n\t\t\t\t<\/div>\n\t\t\n    <div class=\"xs_social_share_widget xs_share_url after_content \t\tmain_content  wslu-style-1 wslu-share-box-shaped wslu-fill-colored wslu-none wslu-share-horizontal wslu-theme-font-no wslu-main_content\">\n\n\t\t\n        <ul>\n\t\t\t        <\/ul>\n    <\/div> \n","protected":false},"excerpt":{"rendered":"<p>Referencje Kopalnie W\u0119gla Lubelski W\u0119giel \u201eBOGDANKA\u201dLubelski W\u0119giel \u201eBOGDANKA\u201d 2MostostalNWR KARBONIAPo\u0142udniowy Koncern W\u0119glowy S.A.Po\u0142udniowy Koncern W\u0119glowy S.A. 2Kompania W\u0119glowa S.A.Kompania W\u0119glowa [&hellip;]<\/p>\n","protected":false},"author":2,"featured_media":0,"parent":0,"menu_order":0,"comment_status":"closed","ping_status":"closed","template":"","meta":{"postBodyCss":"","postBodyMargin":[],"postBodyPadding":[],"postBodyBackground":{"backgroundType":"classic","gradient":""},"site-sidebar-layout":"no-sidebar","site-content-layout":"","ast-site-content-layout":"full-width-container","site-content-style":"default","site-sidebar-style":"default","ast-global-header-display":"","ast-banner-title-visibility":"","ast-main-header-display":"","ast-hfb-above-header-display":"","ast-hfb-below-header-display":"","ast-hfb-mobile-header-display":"","site-post-title":"disabled","ast-breadcrumbs-content":"","ast-featured-img":"disabled","footer-sml-layout":"","ast-disable-related-posts":"","theme-transparent-header-meta":"","adv-header-id-meta":"","stick-header-meta":"","header-above-stick-meta":"","header-main-stick-meta":"","header-below-stick-meta":"","astra-migrate-meta-layouts":"default","ast-page-background-enabled":"default","ast-page-background-meta":{"desktop":{"background-color":"var(--ast-global-color-5)","background-image":"","background-repeat":"repeat","background-position":"center center","background-size":"auto","background-attachment":"scroll","background-type":"","background-media":"","overlay-type":"","overlay-color":"","overlay-opacity":"","overlay-gradient":""},"tablet":{"background-color":"","background-image":"","background-repeat":"repeat","background-position":"center center","background-size":"auto","background-attachment":"scroll","background-type":"","background-media":"","overlay-type":"","overlay-color":"","overlay-opacity":"","overlay-gradient":""},"mobile":{"background-color":"","background-image":"","background-repeat":"repeat","background-position":"center center","background-size":"auto","background-attachment":"scroll","background-type":"","background-media":"","overlay-type":"","overlay-color":"","overlay-opacity":"","overlay-gradient":""}},"ast-content-background-meta":{"desktop":{"background-color":"var(--ast-global-color-4)","background-image":"","background-repeat":"repeat","background-position":"center center","background-size":"auto","background-attachment":"scroll","background-type":"","background-media":"","overlay-type":"","overlay-color":"","overlay-opacity":"","overlay-gradient":""},"tablet":{"background-color":"var(--ast-global-color-4)","background-image":"","background-repeat":"repeat","background-position":"center center","background-size":"auto","background-attachment":"scroll","background-type":"","background-media":"","overlay-type":"","overlay-color":"","overlay-opacity":"","overlay-gradient":""},"mobile":{"background-color":"var(--ast-global-color-4)","background-image":"","background-repeat":"repeat","background-position":"center center","background-size":"auto","background-attachment":"scroll","background-type":"","background-media":"","overlay-type":"","overlay-color":"","overlay-opacity":"","overlay-gradient":""}},"footnotes":""},"class_list":["post-87","page","type-page","status-publish","hentry"],"yoast_head":"<!-- This site is optimized with the Yoast SEO plugin v26.9 - https:\/\/yoast.com\/product\/yoast-seo-wordpress\/ -->\n<title>REFERENCJE - BPSEPARATOR SP. Z O.O.<\/title>\n<meta name=\"robots\" content=\"index, follow, max-snippet:-1, max-image-preview:large, max-video-preview:-1\" \/>\n<link rel=\"canonical\" href=\"https:\/\/bpseparator.com.pl\/index.php\/referencje\/\" \/>\n<meta property=\"og:locale\" content=\"pl_PL\" \/>\n<meta property=\"og:type\" content=\"article\" \/>\n<meta property=\"og:title\" content=\"REFERENCJE - BPSEPARATOR SP. Z O.O.\" \/>\n<meta property=\"og:description\" content=\"Referencje Kopalnie W\u0119gla Lubelski W\u0119giel \u201eBOGDANKA\u201dLubelski W\u0119giel \u201eBOGDANKA\u201d 2MostostalNWR KARBONIAPo\u0142udniowy Koncern W\u0119glowy S.A.Po\u0142udniowy Koncern W\u0119glowy S.A. 2Kompania W\u0119glowa S.A.Kompania W\u0119glowa [&hellip;]\" \/>\n<meta property=\"og:url\" content=\"https:\/\/bpseparator.com.pl\/index.php\/referencje\/\" \/>\n<meta property=\"og:site_name\" content=\"BPSEPARATOR SP. Z O.O.\" \/>\n<meta property=\"article:modified_time\" content=\"2026-02-09T05:37:39+00:00\" \/>\n<meta name=\"twitter:card\" content=\"summary_large_image\" \/>\n<meta name=\"twitter:label1\" content=\"Szacowany czas czytania\" \/>\n\t<meta name=\"twitter:data1\" content=\"1 minuta\" \/>\n<script type=\"application\/ld+json\" class=\"yoast-schema-graph\">{\"@context\":\"https:\/\/schema.org\",\"@graph\":[{\"@type\":\"WebPage\",\"@id\":\"https:\/\/bpseparator.com.pl\/index.php\/referencje\/\",\"url\":\"https:\/\/bpseparator.com.pl\/index.php\/referencje\/\",\"name\":\"REFERENCJE - BPSEPARATOR SP. Z O.O.\",\"isPartOf\":{\"@id\":\"https:\/\/bpseparator.com.pl\/#website\"},\"datePublished\":\"2026-02-08T09:06:12+00:00\",\"dateModified\":\"2026-02-09T05:37:39+00:00\",\"breadcrumb\":{\"@id\":\"https:\/\/bpseparator.com.pl\/index.php\/referencje\/#breadcrumb\"},\"inLanguage\":\"pl-PL\",\"potentialAction\":[{\"@type\":\"ReadAction\",\"target\":[\"https:\/\/bpseparator.com.pl\/index.php\/referencje\/\"]}]},{\"@type\":\"BreadcrumbList\",\"@id\":\"https:\/\/bpseparator.com.pl\/index.php\/referencje\/#breadcrumb\",\"itemListElement\":[{\"@type\":\"ListItem\",\"position\":1,\"name\":\"Home\",\"item\":\"https:\/\/bpseparator.com.pl\/\"},{\"@type\":\"ListItem\",\"position\":2,\"name\":\"REFERENCJE\"}]},{\"@type\":\"WebSite\",\"@id\":\"https:\/\/bpseparator.com.pl\/#website\",\"url\":\"https:\/\/bpseparator.com.pl\/\",\"name\":\"BPSEPARATOR SP. Z O.O.\",\"description\":\"\",\"potentialAction\":[{\"@type\":\"SearchAction\",\"target\":{\"@type\":\"EntryPoint\",\"urlTemplate\":\"https:\/\/bpseparator.com.pl\/?s={search_term_string}\"},\"query-input\":{\"@type\":\"PropertyValueSpecification\",\"valueRequired\":true,\"valueName\":\"search_term_string\"}}],\"inLanguage\":\"pl-PL\"}]}<\/script>\n<!-- \/ Yoast SEO plugin. -->","yoast_head_json":{"title":"REFERENCJE - BPSEPARATOR SP. Z O.O.","robots":{"index":"index","follow":"follow","max-snippet":"max-snippet:-1","max-image-preview":"max-image-preview:large","max-video-preview":"max-video-preview:-1"},"canonical":"https:\/\/bpseparator.com.pl\/index.php\/referencje\/","og_locale":"pl_PL","og_type":"article","og_title":"REFERENCJE - BPSEPARATOR SP. Z O.O.","og_description":"Referencje Kopalnie W\u0119gla Lubelski W\u0119giel \u201eBOGDANKA\u201dLubelski W\u0119giel \u201eBOGDANKA\u201d 2MostostalNWR KARBONIAPo\u0142udniowy Koncern W\u0119glowy S.A.Po\u0142udniowy Koncern W\u0119glowy S.A. 2Kompania W\u0119glowa S.A.Kompania W\u0119glowa [&hellip;]","og_url":"https:\/\/bpseparator.com.pl\/index.php\/referencje\/","og_site_name":"BPSEPARATOR SP. Z O.O.","article_modified_time":"2026-02-09T05:37:39+00:00","twitter_card":"summary_large_image","twitter_misc":{"Szacowany czas czytania":"1 minuta"},"schema":{"@context":"https:\/\/schema.org","@graph":[{"@type":"WebPage","@id":"https:\/\/bpseparator.com.pl\/index.php\/referencje\/","url":"https:\/\/bpseparator.com.pl\/index.php\/referencje\/","name":"REFERENCJE - BPSEPARATOR SP. Z O.O.","isPartOf":{"@id":"https:\/\/bpseparator.com.pl\/#website"},"datePublished":"2026-02-08T09:06:12+00:00","dateModified":"2026-02-09T05:37:39+00:00","breadcrumb":{"@id":"https:\/\/bpseparator.com.pl\/index.php\/referencje\/#breadcrumb"},"inLanguage":"pl-PL","potentialAction":[{"@type":"ReadAction","target":["https:\/\/bpseparator.com.pl\/index.php\/referencje\/"]}]},{"@type":"BreadcrumbList","@id":"https:\/\/bpseparator.com.pl\/index.php\/referencje\/#breadcrumb","itemListElement":[{"@type":"ListItem","position":1,"name":"Home","item":"https:\/\/bpseparator.com.pl\/"},{"@type":"ListItem","position":2,"name":"REFERENCJE"}]},{"@type":"WebSite","@id":"https:\/\/bpseparator.com.pl\/#website","url":"https:\/\/bpseparator.com.pl\/","name":"BPSEPARATOR SP. Z O.O.","description":"","potentialAction":[{"@type":"SearchAction","target":{"@type":"EntryPoint","urlTemplate":"https:\/\/bpseparator.com.pl\/?s={search_term_string}"},"query-input":{"@type":"PropertyValueSpecification","valueRequired":true,"valueName":"search_term_string"}}],"inLanguage":"pl-PL"}]}},"_links":{"self":[{"href":"https:\/\/bpseparator.com.pl\/index.php\/wp-json\/wp\/v2\/pages\/87","targetHints":{"allow":["GET"]}}],"collection":[{"href":"https:\/\/bpseparator.com.pl\/index.php\/wp-json\/wp\/v2\/pages"}],"about":[{"href":"https:\/\/bpseparator.com.pl\/index.php\/wp-json\/wp\/v2\/types\/page"}],"author":[{"embeddable":true,"href":"https:\/\/bpseparator.com.pl\/index.php\/wp-json\/wp\/v2\/users\/2"}],"replies":[{"embeddable":true,"href":"https:\/\/bpseparator.com.pl\/index.php\/wp-json\/wp\/v2\/comments?post=87"}],"version-history":[{"count":49,"href":"https:\/\/bpseparator.com.pl\/index.php\/wp-json\/wp\/v2\/pages\/87\/revisions"}],"predecessor-version":[{"id":857,"href":"https:\/\/bpseparator.com.pl\/index.php\/wp-json\/wp\/v2\/pages\/87\/revisions\/857"}],"wp:attachment":[{"href":"https:\/\/bpseparator.com.pl\/index.php\/wp-json\/wp\/v2\/media?parent=87"}],"curies":[{"name":"wp","href":"https:\/\/api.w.org\/{rel}","templated":true}]}}