{"id":89,"date":"2026-02-08T10:06:34","date_gmt":"2026-02-08T09:06:34","guid":{"rendered":"https:\/\/serwer2497875.home.pl\/autoinstalator\/wordpressplugins8\/?page_id=89"},"modified":"2026-02-08T15:30:04","modified_gmt":"2026-02-08T14:30:04","slug":"kontakt","status":"publish","type":"page","link":"https:\/\/bpseparator.com.pl\/index.php\/kontakt\/","title":{"rendered":"KONTAKT"},"content":{"rendered":"\t\t<div data-elementor-type=\"wp-page\" data-elementor-id=\"89\" class=\"elementor elementor-89\">\n\t\t\t\t<div class=\"elementor-element elementor-element-33a18da e-flex e-con-boxed e-con e-parent\" data-id=\"33a18da\" data-element_type=\"container\" data-e-type=\"container\">\n\t\t\t\t\t<div class=\"e-con-inner\">\n\t\t<div class=\"elementor-element elementor-element-fc5441d e-con-full e-flex e-con e-child\" data-id=\"fc5441d\" data-element_type=\"container\" data-e-type=\"container\">\n\t\t<div class=\"elementor-element elementor-element-d734f00 e-con-full e-flex e-con e-child\" data-id=\"d734f00\" data-element_type=\"container\" data-e-type=\"container\" data-settings=\"{&quot;background_background&quot;:&quot;classic&quot;}\">\n\t\t<div class=\"elementor-element elementor-element-eb7cfd1 e-con-full e-flex e-con e-child\" data-id=\"eb7cfd1\" data-element_type=\"container\" data-e-type=\"container\">\n\t\t<div class=\"elementor-element elementor-element-4e8b09f e-con-full e-flex e-con e-child\" data-id=\"4e8b09f\" data-element_type=\"container\" data-e-type=\"container\">\n\t\t\t\t<div class=\"elementor-element elementor-element-0530ccc elementor-invisible elementor-widget elementor-widget-google_maps\" data-id=\"0530ccc\" data-element_type=\"widget\" data-e-type=\"widget\" data-settings=\"{&quot;_animation&quot;:&quot;fadeInRight&quot;}\" data-widget_type=\"google_maps.default\">\n\t\t\t\t\t\t\t<div class=\"elementor-custom-embed\">\n\t\t\t<iframe loading=\"lazy\"\n\t\t\t\t\tsrc=\"https:\/\/maps.google.com\/maps?q=ul.%20Nowy%20%C5%9Awiat%2048%2041-706%20Ruda%20%C5%9Al%C4%85ska&#038;t=m&#038;z=13&#038;output=embed&#038;iwloc=near\"\n\t\t\t\t\ttitle=\"ul. Nowy \u015awiat 48 41-706 Ruda \u015al\u0105ska\"\n\t\t\t\t\taria-label=\"ul. Nowy \u015awiat 48 41-706 Ruda \u015al\u0105ska\"\n\t\t\t><\/iframe>\n\t\t<\/div>\n\t\t\t\t\t\t<\/div>\n\t\t\t\t<\/div>\n\t\t\t\t<\/div>\n\t\t<div class=\"elementor-element elementor-element-64f4172 e-con-full e-flex e-con e-child\" data-id=\"64f4172\" data-element_type=\"container\" data-e-type=\"container\">\n\t\t\t\t<div class=\"elementor-element elementor-element-9bcd640 elementor-widget elementor-widget-heading\" data-id=\"9bcd640\" data-element_type=\"widget\" data-e-type=\"widget\" data-widget_type=\"heading.default\">\n\t\t\t\t\t<h3 class=\"elementor-heading-title elementor-size-default\">Kontakt<\/h3>\t\t\t\t<\/div>\n\t\t\t\t<div class=\"elementor-element elementor-element-849a997 elementor-invisible elementor-widget elementor-widget-text-editor\" data-id=\"849a997\" data-element_type=\"widget\" data-e-type=\"widget\" data-settings=\"{&quot;_animation&quot;:&quot;fadeInLeft&quot;}\" data-widget_type=\"text-editor.default\">\n\t\t\t\t\t\t\t\t\t<p>Biuro Projekt\u00f3w i Realizacji Inwestycji SEPARATOR Sp. z o.o.<\/p><p>ul. Nowy \u015awiat 48<br \/>41-706 Ruda \u015al\u0105ska<br \/>NIP: 631-00-23-263<br \/>tel. +48 691-708-090<\/p><p>biuro@bpseparator.com.pl<\/p>\t\t\t\t\t\t\t\t<\/div>\n\t\t\t\t<\/div>\n\t\t\t\t<\/div>\n\t\t\t\t<\/div>\n\t\t\t\t\t<\/div>\n\t\t\t\t<\/div>\n\t\t\t\t<\/div>\n\t\t\n    <div class=\"xs_social_share_widget xs_share_url after_content \t\tmain_content  wslu-style-1 wslu-share-box-shaped wslu-fill-colored wslu-none wslu-share-horizontal wslu-theme-font-no wslu-main_content\">\n\n\t\t\n        <ul>\n\t\t\t        <\/ul>\n    <\/div> \n","protected":false},"excerpt":{"rendered":"<p>Kontakt Biuro Projekt\u00f3w i Realizacji Inwestycji SEPARATOR Sp. z o.o. ul. Nowy \u015awiat 4841-706 Ruda \u015al\u0105skaNIP: 631-00-23-263tel. +48 691-708-090 biuro@bpseparator.com.pl<\/p>\n","protected":false},"author":2,"featured_media":0,"parent":0,"menu_order":0,"comment_status":"closed","ping_status":"closed","template":"","meta":{"postBodyCss":"","postBodyMargin":[],"postBodyPadding":[],"postBodyBackground":{"backgroundType":"classic","gradient":""},"site-sidebar-layout":"no-sidebar","site-content-layout":"","ast-site-content-layout":"full-width-container","site-content-style":"default","site-sidebar-style":"default","ast-global-header-display":"","ast-banner-title-visibility":"","ast-main-header-display":"","ast-hfb-above-header-display":"","ast-hfb-below-header-display":"","ast-hfb-mobile-header-display":"","site-post-title":"disabled","ast-breadcrumbs-content":"","ast-featured-img":"disabled","footer-sml-layout":"","ast-disable-related-posts":"","theme-transparent-header-meta":"","adv-header-id-meta":"","stick-header-meta":"","header-above-stick-meta":"","header-main-stick-meta":"","header-below-stick-meta":"","astra-migrate-meta-layouts":"default","ast-page-background-enabled":"default","ast-page-background-meta":{"desktop":{"background-color":"var(--ast-global-color-5)","background-image":"","background-repeat":"repeat","background-position":"center center","background-size":"auto","background-attachment":"scroll","background-type":"","background-media":"","overlay-type":"","overlay-color":"","overlay-opacity":"","overlay-gradient":""},"tablet":{"background-color":"","background-image":"","background-repeat":"repeat","background-position":"center center","background-size":"auto","background-attachment":"scroll","background-type":"","background-media":"","overlay-type":"","overlay-color":"","overlay-opacity":"","overlay-gradient":""},"mobile":{"background-color":"","background-image":"","background-repeat":"repeat","background-position":"center center","background-size":"auto","background-attachment":"scroll","background-type":"","background-media":"","overlay-type":"","overlay-color":"","overlay-opacity":"","overlay-gradient":""}},"ast-content-background-meta":{"desktop":{"background-color":"var(--ast-global-color-4)","background-image":"","background-repeat":"repeat","background-position":"center center","background-size":"auto","background-attachment":"scroll","background-type":"","background-media":"","overlay-type":"","overlay-color":"","overlay-opacity":"","overlay-gradient":""},"tablet":{"background-color":"var(--ast-global-color-4)","background-image":"","background-repeat":"repeat","background-position":"center center","background-size":"auto","background-attachment":"scroll","background-type":"","background-media":"","overlay-type":"","overlay-color":"","overlay-opacity":"","overlay-gradient":""},"mobile":{"background-color":"var(--ast-global-color-4)","background-image":"","background-repeat":"repeat","background-position":"center center","background-size":"auto","background-attachment":"scroll","background-type":"","background-media":"","overlay-type":"","overlay-color":"","overlay-opacity":"","overlay-gradient":""}},"footnotes":""},"class_list":["post-89","page","type-page","status-publish","hentry"],"yoast_head":"<!-- This site is optimized with the Yoast SEO plugin v26.9 - https:\/\/yoast.com\/product\/yoast-seo-wordpress\/ -->\n<title>KONTAKT - BPSEPARATOR SP. Z O.O.<\/title>\n<meta name=\"robots\" content=\"index, follow, max-snippet:-1, max-image-preview:large, max-video-preview:-1\" \/>\n<link rel=\"canonical\" href=\"https:\/\/bpseparator.com.pl\/index.php\/kontakt\/\" \/>\n<meta property=\"og:locale\" content=\"pl_PL\" \/>\n<meta property=\"og:type\" content=\"article\" \/>\n<meta property=\"og:title\" content=\"KONTAKT - BPSEPARATOR SP. Z O.O.\" \/>\n<meta property=\"og:description\" content=\"Kontakt Biuro Projekt\u00f3w i Realizacji Inwestycji SEPARATOR Sp. z o.o. ul. Nowy \u015awiat 4841-706 Ruda \u015al\u0105skaNIP: 631-00-23-263tel. +48 691-708-090 biuro@bpseparator.com.pl\" \/>\n<meta property=\"og:url\" content=\"https:\/\/bpseparator.com.pl\/index.php\/kontakt\/\" \/>\n<meta property=\"og:site_name\" content=\"BPSEPARATOR SP. Z O.O.\" \/>\n<meta property=\"article:modified_time\" content=\"2026-02-08T14:30:04+00:00\" \/>\n<meta name=\"twitter:card\" content=\"summary_large_image\" \/>\n<meta name=\"twitter:label1\" content=\"Szacowany czas czytania\" \/>\n\t<meta name=\"twitter:data1\" content=\"1 minuta\" \/>\n<script type=\"application\/ld+json\" class=\"yoast-schema-graph\">{\"@context\":\"https:\/\/schema.org\",\"@graph\":[{\"@type\":\"WebPage\",\"@id\":\"https:\/\/bpseparator.com.pl\/index.php\/kontakt\/\",\"url\":\"https:\/\/bpseparator.com.pl\/index.php\/kontakt\/\",\"name\":\"KONTAKT - BPSEPARATOR SP. Z O.O.\",\"isPartOf\":{\"@id\":\"https:\/\/bpseparator.com.pl\/#website\"},\"datePublished\":\"2026-02-08T09:06:34+00:00\",\"dateModified\":\"2026-02-08T14:30:04+00:00\",\"breadcrumb\":{\"@id\":\"https:\/\/bpseparator.com.pl\/index.php\/kontakt\/#breadcrumb\"},\"inLanguage\":\"pl-PL\",\"potentialAction\":[{\"@type\":\"ReadAction\",\"target\":[\"https:\/\/bpseparator.com.pl\/index.php\/kontakt\/\"]}]},{\"@type\":\"BreadcrumbList\",\"@id\":\"https:\/\/bpseparator.com.pl\/index.php\/kontakt\/#breadcrumb\",\"itemListElement\":[{\"@type\":\"ListItem\",\"position\":1,\"name\":\"Home\",\"item\":\"https:\/\/bpseparator.com.pl\/\"},{\"@type\":\"ListItem\",\"position\":2,\"name\":\"KONTAKT\"}]},{\"@type\":\"WebSite\",\"@id\":\"https:\/\/bpseparator.com.pl\/#website\",\"url\":\"https:\/\/bpseparator.com.pl\/\",\"name\":\"BPSEPARATOR SP. Z O.O.\",\"description\":\"\",\"potentialAction\":[{\"@type\":\"SearchAction\",\"target\":{\"@type\":\"EntryPoint\",\"urlTemplate\":\"https:\/\/bpseparator.com.pl\/?s={search_term_string}\"},\"query-input\":{\"@type\":\"PropertyValueSpecification\",\"valueRequired\":true,\"valueName\":\"search_term_string\"}}],\"inLanguage\":\"pl-PL\"}]}<\/script>\n<!-- \/ Yoast SEO plugin. -->","yoast_head_json":{"title":"KONTAKT - BPSEPARATOR SP. Z O.O.","robots":{"index":"index","follow":"follow","max-snippet":"max-snippet:-1","max-image-preview":"max-image-preview:large","max-video-preview":"max-video-preview:-1"},"canonical":"https:\/\/bpseparator.com.pl\/index.php\/kontakt\/","og_locale":"pl_PL","og_type":"article","og_title":"KONTAKT - BPSEPARATOR SP. Z O.O.","og_description":"Kontakt Biuro Projekt\u00f3w i Realizacji Inwestycji SEPARATOR Sp. z o.o. ul. Nowy \u015awiat 4841-706 Ruda \u015al\u0105skaNIP: 631-00-23-263tel. +48 691-708-090 biuro@bpseparator.com.pl","og_url":"https:\/\/bpseparator.com.pl\/index.php\/kontakt\/","og_site_name":"BPSEPARATOR SP. Z O.O.","article_modified_time":"2026-02-08T14:30:04+00:00","twitter_card":"summary_large_image","twitter_misc":{"Szacowany czas czytania":"1 minuta"},"schema":{"@context":"https:\/\/schema.org","@graph":[{"@type":"WebPage","@id":"https:\/\/bpseparator.com.pl\/index.php\/kontakt\/","url":"https:\/\/bpseparator.com.pl\/index.php\/kontakt\/","name":"KONTAKT - BPSEPARATOR SP. Z O.O.","isPartOf":{"@id":"https:\/\/bpseparator.com.pl\/#website"},"datePublished":"2026-02-08T09:06:34+00:00","dateModified":"2026-02-08T14:30:04+00:00","breadcrumb":{"@id":"https:\/\/bpseparator.com.pl\/index.php\/kontakt\/#breadcrumb"},"inLanguage":"pl-PL","potentialAction":[{"@type":"ReadAction","target":["https:\/\/bpseparator.com.pl\/index.php\/kontakt\/"]}]},{"@type":"BreadcrumbList","@id":"https:\/\/bpseparator.com.pl\/index.php\/kontakt\/#breadcrumb","itemListElement":[{"@type":"ListItem","position":1,"name":"Home","item":"https:\/\/bpseparator.com.pl\/"},{"@type":"ListItem","position":2,"name":"KONTAKT"}]},{"@type":"WebSite","@id":"https:\/\/bpseparator.com.pl\/#website","url":"https:\/\/bpseparator.com.pl\/","name":"BPSEPARATOR SP. Z O.O.","description":"","potentialAction":[{"@type":"SearchAction","target":{"@type":"EntryPoint","urlTemplate":"https:\/\/bpseparator.com.pl\/?s={search_term_string}"},"query-input":{"@type":"PropertyValueSpecification","valueRequired":true,"valueName":"search_term_string"}}],"inLanguage":"pl-PL"}]}},"_links":{"self":[{"href":"https:\/\/bpseparator.com.pl\/index.php\/wp-json\/wp\/v2\/pages\/89","targetHints":{"allow":["GET"]}}],"collection":[{"href":"https:\/\/bpseparator.com.pl\/index.php\/wp-json\/wp\/v2\/pages"}],"about":[{"href":"https:\/\/bpseparator.com.pl\/index.php\/wp-json\/wp\/v2\/types\/page"}],"author":[{"embeddable":true,"href":"https:\/\/bpseparator.com.pl\/index.php\/wp-json\/wp\/v2\/users\/2"}],"replies":[{"embeddable":true,"href":"https:\/\/bpseparator.com.pl\/index.php\/wp-json\/wp\/v2\/comments?post=89"}],"version-history":[{"count":10,"href":"https:\/\/bpseparator.com.pl\/index.php\/wp-json\/wp\/v2\/pages\/89\/revisions"}],"predecessor-version":[{"id":494,"href":"https:\/\/bpseparator.com.pl\/index.php\/wp-json\/wp\/v2\/pages\/89\/revisions\/494"}],"wp:attachment":[{"href":"https:\/\/bpseparator.com.pl\/index.php\/wp-json\/wp\/v2\/media?parent=89"}],"curies":[{"name":"wp","href":"https:\/\/api.w.org\/{rel}","templated":true}]}}